{"id":16,"date":"2020-09-22T16:34:49","date_gmt":"2020-09-22T16:34:49","guid":{"rendered":"https:\/\/mbterapi.se\/?page_id=16"},"modified":"2020-10-14T22:03:00","modified_gmt":"2020-10-14T22:03:00","slug":"valkommen","status":"publish","type":"page","link":"https:\/\/mbterapi.se\/","title":{"rendered":"V\u00e4lkommen!"},"content":{"rendered":"\n<blockquote class=\"wp-block-quote\"><p>Man blir aldrig f\u00f6r gammal f\u00f6r att s\u00e4tta upp ett nytt m\u00e5l, eller att dr\u00f6mma en ny dr\u00f6m.<\/p><cite>C.S. Lewis<\/cite><\/blockquote>\n\n\n\n<p>Det finns mycket i livet som kan vara sv\u00e5rt att hantera. H\u00e4lsoproblem. L\u00e4ngtan efter k\u00e4rlek. Kolikbarn, deprimerade ton\u00e5ringar, ofrivillig barnl\u00f6shet. Sl\u00e4ktfejder. Galna grannar. Det s.k. livspusslet med bitar som inte passar i varandra. En partner som sitter bredvid dig i soffan men befinner sig i ett annat universum. Sorg. Klumpen i magen som inte vill f\u00f6rsvinna. Ensamhet. Och vad ska jag bli n\u00e4r jag blir stor?<\/p>\n\n\n\n<p>Att prata med en samtalsterapeut kan hj\u00e4lpa dig reda upp trassliga tankeg\u00e5ngar och fokusera p\u00e5 det som betyder n\u00e5got p\u00e5 riktigt. En samtalsterapeut \u00e4r inte din mamma, din v\u00e4n eller din chef. Terapeuten st\u00e4ller fr\u00e5gor, lyssnar och \u00e4r lyh\u00f6rd b\u00e5de f\u00f6r vad du s\u00e4ger i ord, i tystnad och mellan raderna. Det \u00e4r du sj\u00e4lv som sitter p\u00e5 svaren och ni jobbar tillsammans f\u00f6r att du ska n\u00e5 det m\u00e5l du har uttryckt. Vissa fr\u00e5gor kommer att vara utmanande och andra till och med provocerande. Att acceptera att somligt inte g\u00e5r att f\u00f6r\u00e4ndra kan vara ett viktigt steg i just din process. Terapeuten bidrar med verktyg som kan hj\u00e4lpa dig sortera tankarna, komma till beslut och f\u00e5 ditt liv att k\u00e4nnas mer balanserat och h\u00e5llbart.<\/p>\n\n\n\n<blockquote class=\"wp-block-quote\"><p>&#8220;<em><span style=\"color:#0b6174\" class=\"has-inline-color\">Med sitt lyssnande \u00f6ra och r\u00e4tt st\u00e4llda och utmanande fr\u00e5gor var Monica en avg\u00f6rande nyckel i min process fr\u00e5n utmattad till v\u00e4lm\u00e5ende igen. Ett st\u00f6d i ordets r\u00e4tta bem\u00e4rkelse. Jag erbj\u00f6ds terapi som verkligen gjorde skillnad.<\/span><\/em>&#8220;<\/p><\/blockquote>\n\n\n\n<p><\/p>\n\n\n\n<blockquote class=\"wp-block-quote\"><p>&#8220;<em><span style=\"color:#0b6174\" class=\"has-inline-color\">De s\u00e4ger att det \u00e4r sv\u00e5rt att l\u00e4ra gamla hundar sitta, men tydligen g\u00e5r det!<\/span><\/em>&#8220;<\/p><\/blockquote>\n\n\n\n<p><\/p>\n\n\n\n<blockquote class=\"wp-block-quote\"><p>&#8220;<em><span style=\"color:#0b6174\" class=\"has-inline-color\">Jag gick fr\u00e5n att aldrig ha deltagit i n\u00e5got liknande f\u00f6rut till att flera veckor senare ha genomf\u00f6rt dessa samtal med enbart positivt resultat. M\u00e5nga bra samtal och mycket reflektioner om saker som har h\u00e4nt och som p\u00e5g\u00e5r i livet. Dessa samtal har v\u00e4ckt m\u00e5nga tankar och funderingar p\u00e5 b\u00e5de mig sj\u00e4lv men ocks\u00e5 om m\u00e4nniskor som befinner sig i min n\u00e4rhet och vardag. I det stora hela s\u00e5 tycker jag att det har varit fantastiskt intressant och givande.<\/span><\/em>&#8220;<\/p><\/blockquote>\n","protected":false},"excerpt":{"rendered":"<p>Man blir aldrig f\u00f6r gammal f\u00f6r att s\u00e4tta upp ett nytt m\u00e5l, eller att dr\u00f6mma en ny dr\u00f6m. C.S. Lewis Det finns mycket i livet som kan vara sv\u00e5rt att hantera. H\u00e4lsoproblem. L\u00e4ngtan efter k\u00e4rlek. Kolikbarn, deprimerade ton\u00e5ringar, ofrivillig barnl\u00f6shet. Sl\u00e4ktfejder. Galna grannar. Det s.k. livspusslet med bitar som inte passar i varandra. En partner &hellip; <\/p>\n","protected":false},"author":1,"featured_media":0,"parent":0,"menu_order":0,"comment_status":"closed","ping_status":"closed","template":"","meta":[],"_links":{"self":[{"href":"https:\/\/mbterapi.se\/index.php\/wp-json\/wp\/v2\/pages\/16"}],"collection":[{"href":"https:\/\/mbterapi.se\/index.php\/wp-json\/wp\/v2\/pages"}],"about":[{"href":"https:\/\/mbterapi.se\/index.php\/wp-json\/wp\/v2\/types\/page"}],"author":[{"embeddable":true,"href":"https:\/\/mbterapi.se\/index.php\/wp-json\/wp\/v2\/users\/1"}],"replies":[{"embeddable":true,"href":"https:\/\/mbterapi.se\/index.php\/wp-json\/wp\/v2\/comments?post=16"}],"version-history":[{"count":24,"href":"https:\/\/mbterapi.se\/index.php\/wp-json\/wp\/v2\/pages\/16\/revisions"}],"predecessor-version":[{"id":92,"href":"https:\/\/mbterapi.se\/index.php\/wp-json\/wp\/v2\/pages\/16\/revisions\/92"}],"wp:attachment":[{"href":"https:\/\/mbterapi.se\/index.php\/wp-json\/wp\/v2\/media?parent=16"}],"curies":[{"name":"wp","href":"https:\/\/api.w.org\/{rel}","templated":true}]}}